{"id":3187,"date":"2022-09-26T09:16:59","date_gmt":"2022-09-26T09:16:59","guid":{"rendered":"https:\/\/www.leirivolt.pt\/politique-de-confidentialite\/"},"modified":"2023-02-15T10:29:45","modified_gmt":"2023-02-15T10:29:45","slug":"politique-de-confidentialite","status":"publish","type":"page","link":"https:\/\/mail.leirivolt.pt\/fr\/politique-de-confidentialite\/","title":{"rendered":"Politique de confidentialit\u00e9"},"content":{"rendered":"\r\n<h2 id=\"thb-styled-header-76\" class=\"thb_styled_header style1 wp-block-heading\"><strong>Pour quelle finalit\u00e9 pouvons-nous utiliser vos donn\u00e9es personnelles?<\/strong><\/h2>\r\n<div class=\"wpb_text_column wpb_content_element  \">\r\n<div class=\"wpb_wrapper\">\r\n<h4>Service Client<\/h4>\r\n<p>Nous utilisons les Donn\u00e9es Personnelles pour le Service Client, y compris pour r\u00e9pondre aux questions.<\/p>\r\n<p>Cette proc\u00e9dure implique, normalement, l&rsquo;utilisation de certaines informations \u00e0 caract\u00e8re personnel (par exemple, une question technique, une question\/r\u00e9clamation sur un produit\/service, une question d&rsquo;ordre g\u00e9n\u00e9rale, etc.).<\/p>\r\n<h4>Concours, marketing et autres promotions<\/h4>\r\n<p>Moyennant le consentement, nous utilisons les Donn\u00e9es Personnelles pour fournir des informations sur des produits ou services (par exemple, des concours ou campagnes de marketing ou autres promotions).<\/p>\r\n<p>Ceci peut se produire par e-mail, annonces, contacts t\u00e9l\u00e9phoniques et courrier postal. Certaines de nos campagnes et promotions pourront \u00eatre r\u00e9alis\u00e9es dans nos sites et\/ou r\u00e9seaux sociaux de tiers.<\/p>\r\n<h4><strong>R\u00e9seaux sociaux<\/strong><\/h4>\r\n<p>Nous utilisons les Donn\u00e9es Personnelles chaque fois que vous interagissez avec les r\u00e9seaux sociaux de tiers, tels comme les &lsquo;Like&rsquo; pour vous pr\u00e9senter des annonces et communiquer avec vous dans les r\u00e9seaux sociaux.<\/p>\r\n<p>Vous pouvez trouver plus d&rsquo;informations sur ce sujet, en consultant les respectives d\u00e9finitions des r\u00e9seaux sociaux de tiers.<\/p>\r\n<h4><strong>Personnalisation (offline et online)<\/strong><\/h4>\r\n<p>Avec votre consentement, nous utilisons vos donn\u00e9es personnelles:<\/p>\r\n<ol type=\"i\">\r\n<li>pour analyser vos pr\u00e9f\u00e9rences et vos habitudes;<\/li>\r\n<li>de pr\u00e9voir vos besoins sur la base de l&rsquo;analyse de votre profil;<\/li>\r\n<li>pour am\u00e9liorer et personnaliser votre exp\u00e9rience sur nos sites web et nos applis;<\/li>\r\n<li>pour garantir que le contenu de notre site web est optimis\u00e9 pour vous et pour votre ordinateur ou votre appareil;<\/li>\r\n<li>pour vous permettre de participer \u00e0 des fonctions interactives.<\/li>\r\n<\/ol>\r\n<h4>Autres finalit\u00e9s g\u00e9n\u00e9rales<\/h4>\r\n<p>Nous utilisons vos donn\u00e9es personnelles \u00e0 d&rsquo;autres fins commerciales g\u00e9n\u00e9rales, comme la r\u00e9alisation d&rsquo;\u00e9tudes marketing et d\u00e9mographiques internes, ainsi que l&rsquo;\u00e9valuation de l&rsquo;efficacit\u00e9 des campagnes publicitaires.<\/p>\r\n<h4>Motifs d&rsquo;ordre juridique ou fusion\/acquisition<\/h4>\r\n<p>Dans le cas o\u00f9 <strong>Leirivolt, Ltd.<\/strong> ou ses actifs seraient acquis par une autre soci\u00e9t\u00e9 ou incorpor\u00e9s dans celle-ci, y compris pour des raisons d&rsquo;insolvabilit\u00e9, nous pourrions partager vos donn\u00e9es personnelles avec l&rsquo;un de nos successeurs l\u00e9gaux.<\/p>\r\n<h3>Information Juridique sur la Protection des Donn\u00e9es<\/h3>\r\n<p>Chez <strong>Leirivolt, Ltd.<\/strong>, nous sommes conscients que l&rsquo;utilisation de vos donn\u00e9es personnelles doit se faire de mani\u00e8re consciente et sur la base d&rsquo;une relation de confiance.<br \/>Nous respectons votre vie priv\u00e9e et traitons vos donn\u00e9es dans le strict respect de la l\u00e9gislation en vigueur.<\/p>\r\n<p>Cette page vous donne des informations sur nos politiques concernant la collecte, l&rsquo;utilisation et la divulgation des informations personnelles lorsque vous utilisez notre service.<\/p>\r\n<p>Le R\u00e8glement g\u00e9n\u00e9ral sur la protection des donn\u00e9es &#8211; R\u00e8glement 2016\/679 du 27 avril, consid\u00e8re que les donn\u00e9es personnelles sont des \u00a0\u00bb informations relatives \u00e0 une personne physique identifi\u00e9e ou identifiable (\u00a0\u00bb personne concern\u00e9e \u00ab\u00a0). Une personne physique identifiable est une personne qui peut \u00eatre identifi\u00e9e, directement ou indirectement, notamment par r\u00e9f\u00e9rence \u00e0 un identifiant, tel qu&rsquo;un nom, un num\u00e9ro d&rsquo;identification, des donn\u00e9es de localisation, des identifiants \u00e9lectroniques, ou \u00e0 un ou plusieurs \u00e9l\u00e9ments sp\u00e9cifiques de l&rsquo;identit\u00e9 physique, physiologique, g\u00e9n\u00e9tique, mentale, \u00e9conomique, culturelle ou sociale de cette personne physique. \u00ab\u00a0<\/p>\r\n<h4>Comment nous maintenons vos donn\u00e9es personnelles en s\u00e9curit\u00e9?<strong><br \/><\/strong><\/h4>\r\n<p>Nous nous engageons \u00e0 assurer la protection de la s\u00e9curit\u00e9 des donn\u00e9es personnelles mises \u00e0 notre disposition, ayant approuv\u00e9 et mis en \u0153uvre des mesures techniques et organisationnelles rigoureuses \u00e0 cet \u00e9gard. Le respect de ces r\u00e8gles est une obligation pour tous ceux qui y ont acc\u00e8s.<\/p>\r\n<ol type=\"i\">\r\n<li>Acc\u00e8s restreint \u00e0 vos donn\u00e9es personnelles;<\/li>\r\n<li>Transfert de donn\u00e9es sous forme crypt\u00e9e;<\/li>\r\n<li>Stockage des donn\u00e9es personnelles sous forme crypt\u00e9e;<\/li>\r\n<li>Protection des syst\u00e8mes informatiques par des pare-feu;<\/li>\r\n<li>Contr\u00f4le permanent de l&rsquo;acc\u00e8s aux syst\u00e8mes informatiques, pr\u00e9vention, d\u00e9tection et pr\u00e9vention de l&rsquo;utilisation abusive de vos donn\u00e9es.<\/li>\r\n<\/ol>\r\n<h4>Comment pouvez-vous consulter, modifier, rectifier vos donn\u00e9es personnelles ou \u00e9liminer votre consentement?<\/h4>\r\n<p>Chez <strong>Leirivolt, Ltd.<\/strong>, nous garantissons les moyens qui vous permettent, en tant que titulaire des donn\u00e9es, d&rsquo;acc\u00e9der \u00e0 vos donn\u00e9es personnelles. Si vous souhaitez acc\u00e9der \u00e0 vos donn\u00e9es personnelles, veuillez contacter <a href=\"mailto:geral@leirivolt.pt\">geral@leirivolt.pt<\/a>.<br \/>O La personne concern\u00e9e a le droit de demander \u00e0 tout moment la rectification de ses donn\u00e9es personnelles au d\u00e9l\u00e9gu\u00e9 \u00e0 la protection des donn\u00e9es <a href=\"mailto:geral@leirivolt.pt\">geral@leirivolt.pt<\/a>.<br \/>La personne concern\u00e9e a le droit de retirer \u00e0 tout moment le consentement donn\u00e9 ou de demander l&rsquo;effacement de ses donn\u00e9es personnelles au d\u00e9l\u00e9gu\u00e9 \u00e0 la protection des donn\u00e9es <a href=\"mailto:geral@leirivolt.pt\">geral@leirivolt.pt<\/a>.<\/p>\r\n<p>Nous vous informons que vous avez le droit de d\u00e9poser toute plainte aupr\u00e8s de l&rsquo;autorit\u00e9 de contr\u00f4le &#8211; Comiss\u00e3o Nacional de Prote\u00e7\u00e3o de Dados, Rua de S\u00e3o Bento, n\u00ba 148, 3\u00ba, 1200-812 Lisboa, T\u00e9l. +351213928400, Fax. +351213976832 ; email : geral@cnpd.pt.<\/p>\r\n<h4>Confidentialit\u00e9 concernant les Enfants<\/h4>\r\n<p>Notre service n&rsquo;est pas destin\u00e9 aux enfants de moins de 16 ans (les \u00ab\u00a0enfants\u00a0\u00bb).<\/p>\r\n<p>Les donn\u00e9es relatives aux enfants ne sont collect\u00e9es qu&rsquo;avec l&rsquo;autorisation du titulaire des responsabilit\u00e9s parentales. Nous ne collectons donc pas sciemment d&rsquo;informations personnellement identifiables aupr\u00e8s des enfants. Si vous \u00eates le titulaire des responsabilit\u00e9s parentales ou le tuteur, et que vous vous rendez compte que votre enfant ou votre tuteur nous a fourni des informations personnelles, veuillez contacter le d\u00e9l\u00e9gu\u00e9 \u00e0 la protection des donn\u00e9es <a href=\"mailto:geral@leirivolt.pt\">geral@leirivolt.pt<\/a>.<\/p>\r\n<p>Si nous apprenons que nous avons recueilli des informations personnelles aupr\u00e8s d&rsquo;enfants de moins de 16 ans sans leur consentement, nous prendrons imm\u00e9diatement des mesures pour supprimer ces informations de nos serveurs.<\/p>\r\n<h4>Durant combien de temps maintenons-nous vos donn\u00e9es personnelles?<\/h4>\r\n<p>Lorsqu&rsquo;il n&rsquo;existe pas d&rsquo;obligation l\u00e9gale de conserver les donn\u00e9es \u00e0 caract\u00e8re personnel, celles-ci sont conserv\u00e9es pendant la dur\u00e9e n\u00e9cessaire \u00e0 la r\u00e9alisation de la finalit\u00e9 pour laquelle elles ont \u00e9t\u00e9 collect\u00e9es, apr\u00e8s quoi elles sont anonymis\u00e9es ou d\u00e9truites.<\/p>\r\n<p>Dans le cadre des finalit\u00e9s d\u00e9crites dans la pr\u00e9sente politique de confidentialit\u00e9, vos donn\u00e9es personnelles seront conserv\u00e9es pendant une p\u00e9riode maximale de 12 mois, \u00e0 compter du dernier contact \u00e9tabli.<\/p>\r\n<h4>Modifications de cette Politique de Confidentialit\u00e9<strong><br \/><\/strong><\/h4>\r\n<p>Nous pouvons mettre \u00e0 jour notre politique de confidentialit\u00e9 de temps \u00e0 autre. Nous vous informerons de toute modification en publiant la nouvelle politique de confidentialit\u00e9 sur cette page.<\/p>\r\n<h4>Contactez-nous<\/h4>\r\n<p>Si vous avez des questions concernant l&rsquo;utilisation de vos donn\u00e9es personnelles, vous pouvez contacter notre d\u00e9l\u00e9gu\u00e9 \u00e0 la protection des donn\u00e9es \u00e0 l&rsquo;adresse \u00e9lectronique suivante: <a href=\"mailto:geral@leirivolt.pt\">geral@leirivolt.pt<\/a><\/p>\r\n<p><time datetime=\"14-11-2022\">14 novembre 2022<\/time><\/p>\r\n<\/div>\r\n<\/div>\r\n<h2 id=\"thb-styled-header-96\" class=\"thb_styled_header style1\">COOKIES<\/h2>\r\n<div class=\"wpb_text_column wpb_content_element  \">\r\n<div class=\"wpb_wrapper\">\r\n<p><strong>Leirivolt, Ltd.<\/strong> utilise des cookies propres et de tiers afin d&rsquo;am\u00e9liorer votre exp\u00e9rience en ligne, en analysant les donn\u00e9es relatives \u00e0 la navigation sur son site web.<\/p>\r\n<h3>D\u00e9finition, fonction et gestion des Cookies<\/h3>\r\n<h4>Qu&rsquo;est-ce qu&rsquo;un cookie?<\/h4>\r\n<p>Un cookie est un fichier qui est t\u00e9l\u00e9charg\u00e9 par votre ordinateur, votre t\u00e9l\u00e9phone mobile ou tout autre appareil (d\u00e9sign\u00e9 par la suite comme un appareil) lorsque vous acc\u00e9dez \u00e0 notre site web.<\/p>\r\n<p>Le cookie nous permet de stocker et de r\u00e9cup\u00e9rer des informations sur vos habitudes de navigation, \u00e0 savoir le nombre de pages que vous visitez, la langue utilis\u00e9e, l&rsquo;identification du site \u00e0 partir duquel vous y acc\u00e9dez, la fr\u00e9quence et le nombre de visites, la dur\u00e9e de la visite, le navigateur ou l&rsquo;\u00e9quipement avec lequel vous visitez le site web.<\/p>\r\n<h4>R\u00e9novation et \u00e9limination des Cookies<\/h4>\r\n<p>Tous les navigateurs permettent \u00e0 l&rsquo;utilisateur d&rsquo;accepter, de refuser ou de supprimer les cookies en s\u00e9lectionnant les param\u00e8tres avanc\u00e9s du navigateur. Vous pouvez configurer les cookies dans le menu \u00ab\u00a0options\u00a0\u00bb ou \u00ab\u00a0pr\u00e9f\u00e9rences\u00a0\u00bb. Toutefois, veuillez noter que la d\u00e9sactivation des cookies peut emp\u00eacher certains services web de fonctionner correctement et peut affecter partiellement ou totalement votre navigation sur le site web.<\/p>\r\n<p>Vous pouvez configurer votre navigateur pour que les cookies ne soient pas stock\u00e9s sur votre disque dur ou pour que les cookies pr\u00e9c\u00e9demment stock\u00e9s soient supprim\u00e9s.<\/p>\r\n<p>Pour plus d&rsquo;informations sur la mani\u00e8re de configurer votre navigateur Internet, veuillez consulter les instructions relatives au blocage et \u00e0 la suppression des cookies dans la fonction d&rsquo;aide de votre navigateur ou contacter directement le fabricant du logiciel concern\u00e9.<\/p>\r\n<h4>Cookies de Tiers<\/h4>\r\n<table>\r\n<thead>\r\n<tr>\r\n<th width=\"14%\">Fournisseur<\/th>\r\n<th width=\"32%\">Cookies<\/th>\r\n<th width=\"14%\">Caducit\u00e9<\/th>\r\n<th style=\"min-width: 270px;\" width=\"40%\">Objectif des Cookies<\/th>\r\n<\/tr>\r\n<\/thead>\r\n<tbody>\r\n<tr>\r\n<td>Google<\/td>\r\n<td>_ga<br \/>_gid<br \/>_gat_gtag_UA_108994400_1<\/td>\r\n<td>2 ans<br \/>24 heures<br \/>1 min<\/td>\r\n<td>Les cookies associ\u00e9s \u00e0 Google sont utilis\u00e9s pour le contr\u00f4le de visites et temps de session au site leirivolt.pt pour des finalit\u00e9s statistiques et publicitaires.<\/td>\r\n<\/tr>\r\n<\/tbody>\r\n<\/table>\r\n<h4><strong>Mise \u00e0 jour de la politique des Cookies<\/strong><\/h4>\r\n<p>La politique de cookies peut \u00eatre modifi\u00e9e \u00e0 tout moment conform\u00e9ment au nouveau RGPD, nous vous conseillons donc de v\u00e9rifier r\u00e9guli\u00e8rement son contenu.<\/p>\r\n<h4><strong>Liens vers d&rsquo;autres sites<\/strong><\/h4>\r\n<p>Nos services en ligne contiennent des liens vers d&rsquo;autres sites web. Les avertissements relatifs \u00e0 la protection des donn\u00e9es donn\u00e9s ici s&rsquo;appliquent uniquement \u00e0 notre site web. Veuillez v\u00e9rifier les politiques de protection des donn\u00e9es des sites web li\u00e9s. Nous n&rsquo;assumons aucune responsabilit\u00e9 pour les contenus de tiers mis \u00e0 disposition et sp\u00e9cialement identifi\u00e9s par des hyperliens. Seul le propri\u00e9taire du site li\u00e9 est responsable des contenus ill\u00e9gaux, incorrects ou incomplets ainsi que des dommages r\u00e9sultant de l&rsquo;utilisation ou de la non-utilisation des informations.<\/p>\r\n<p><strong>Leirivolt, Ltd.<\/strong> est uniquement responsable des contenus de tiers, lorsqu&rsquo;elle a connaissance qu&rsquo;ils contiennent des contenus \u00e9ventuellement ill\u00e9gaux ou illicites, et qu&rsquo;il est techniquement possible et faisable d&#8217;emp\u00eacher leur utilisation.<\/p>\r\n<p><strong>En utilisant notre plateforme, vous acceptez implicitement notre politique de confidentialit\u00e9.<\/strong><\/p>\r\n<\/div>\r\n<\/div>\r\n","protected":false},"excerpt":{"rendered":"<p>Pour quelle finalit\u00e9 pouvons-nous utiliser vos donn\u00e9es personnelles? Service Client Nous utilisons les Donn\u00e9es Personnelles pour le Service Client, y compris pour r\u00e9pondre aux questions. Cette proc\u00e9dure implique, normalement, l&rsquo;utilisation de certaines informations \u00e0 caract\u00e8re personnel (par exemple, une question technique, une question\/r\u00e9clamation sur un produit\/service, une question d&rsquo;ordre g\u00e9n\u00e9rale, etc.). Concours, marketing et autres [&hellip;]<\/p>\n","protected":false},"author":1,"featured_media":0,"parent":0,"menu_order":0,"comment_status":"closed","ping_status":"closed","template":"page-text_only.php","meta":{"_acf_changed":false,"inline_featured_image":false,"footnotes":""},"class_list":["post-3187","page","type-page","status-publish","hentry"],"acf":[],"yoast_head":"<!-- This site is optimized with the Yoast SEO plugin v27.4 - https:\/\/yoast.com\/product\/yoast-seo-wordpress\/ -->\n<title>Politique de confidentialit\u00e9 avec plus d&#039;informations | Leirivolt<\/title>\n<meta name=\"description\" content=\"Consultez notre politique de confidentialit\u00e9 et m\u00e9thode de filtrage de vos informations personnelles. Contactez-nous si vous avez des questions.\" \/>\n<meta name=\"robots\" content=\"index, follow, max-snippet:-1, max-image-preview:large, max-video-preview:-1\" \/>\n<link rel=\"canonical\" href=\"https:\/\/mail.leirivolt.pt\/fr\/politique-de-confidentialite\/\" \/>\n<meta property=\"og:locale\" content=\"fr_FR\" \/>\n<meta property=\"og:type\" content=\"article\" \/>\n<meta property=\"og:title\" content=\"Politique de confidentialit\u00e9 avec plus d&#039;informations | Leirivolt\" \/>\n<meta property=\"og:description\" content=\"Consultez notre politique de confidentialit\u00e9 et m\u00e9thode de filtrage de vos informations personnelles. Contactez-nous si vous avez des questions.\" \/>\n<meta property=\"og:url\" content=\"https:\/\/mail.leirivolt.pt\/fr\/politique-de-confidentialite\/\" \/>\n<meta property=\"og:site_name\" content=\"Leirivolt, Lda\" \/>\n<meta property=\"article:publisher\" content=\"https:\/\/www.facebook.com\/leirivolt\/\" \/>\n<meta property=\"article:modified_time\" content=\"2023-02-15T10:29:45+00:00\" \/>\n<meta property=\"og:image\" content=\"https:\/\/mail.leirivolt.pt\/wp-content\/uploads\/2022\/11\/logo_leirivolt.jpg\" \/>\n\t<meta property=\"og:image:width\" content=\"200\" \/>\n\t<meta property=\"og:image:height\" content=\"200\" \/>\n\t<meta property=\"og:image:type\" content=\"image\/jpeg\" \/>\n<meta name=\"twitter:card\" content=\"summary_large_image\" \/>\n<meta name=\"twitter:label1\" content=\"Dur\u00e9e de lecture estim\u00e9e\" \/>\n\t<meta name=\"twitter:data1\" content=\"8 minutes\" \/>\n<script type=\"application\/ld+json\" class=\"yoast-schema-graph\">{\"@context\":\"https:\\\/\\\/schema.org\",\"@graph\":[{\"@type\":\"WebPage\",\"@id\":\"https:\\\/\\\/mail.leirivolt.pt\\\/fr\\\/politique-de-confidentialite\\\/\",\"url\":\"https:\\\/\\\/mail.leirivolt.pt\\\/fr\\\/politique-de-confidentialite\\\/\",\"name\":\"Politique de confidentialit\u00e9 avec plus d'informations | Leirivolt\",\"isPartOf\":{\"@id\":\"https:\\\/\\\/leirivolt.pt\\\/#website\"},\"datePublished\":\"2022-09-26T09:16:59+00:00\",\"dateModified\":\"2023-02-15T10:29:45+00:00\",\"description\":\"Consultez notre politique de confidentialit\u00e9 et m\u00e9thode de filtrage de vos informations personnelles. Contactez-nous si vous avez des questions.\",\"breadcrumb\":{\"@id\":\"https:\\\/\\\/mail.leirivolt.pt\\\/fr\\\/politique-de-confidentialite\\\/#breadcrumb\"},\"inLanguage\":\"fr-FR\",\"potentialAction\":[{\"@type\":\"ReadAction\",\"target\":[\"https:\\\/\\\/mail.leirivolt.pt\\\/fr\\\/politique-de-confidentialite\\\/\"]}]},{\"@type\":\"BreadcrumbList\",\"@id\":\"https:\\\/\\\/mail.leirivolt.pt\\\/fr\\\/politique-de-confidentialite\\\/#breadcrumb\",\"itemListElement\":[{\"@type\":\"ListItem\",\"position\":1,\"name\":\"In\u00edcio\",\"item\":\"https:\\\/\\\/leirivolt.pt\\\/fr\\\/\"},{\"@type\":\"ListItem\",\"position\":2,\"name\":\"Politique de confidentialit\u00e9\"}]},{\"@type\":\"WebSite\",\"@id\":\"https:\\\/\\\/leirivolt.pt\\\/#website\",\"url\":\"https:\\\/\\\/leirivolt.pt\\\/\",\"name\":\"Leirivolt, Lda\",\"description\":\"Solu\u00e7\u00f5es de Energia desde 2004\",\"publisher\":{\"@id\":\"https:\\\/\\\/leirivolt.pt\\\/#organization\"},\"potentialAction\":[{\"@type\":\"SearchAction\",\"target\":{\"@type\":\"EntryPoint\",\"urlTemplate\":\"https:\\\/\\\/leirivolt.pt\\\/?s={search_term_string}\"},\"query-input\":{\"@type\":\"PropertyValueSpecification\",\"valueRequired\":true,\"valueName\":\"search_term_string\"}}],\"inLanguage\":\"fr-FR\"},{\"@type\":\"Organization\",\"@id\":\"https:\\\/\\\/leirivolt.pt\\\/#organization\",\"name\":\"Leirivolt, Lda\",\"url\":\"https:\\\/\\\/leirivolt.pt\\\/\",\"logo\":{\"@type\":\"ImageObject\",\"inLanguage\":\"fr-FR\",\"@id\":\"https:\\\/\\\/leirivolt.pt\\\/#\\\/schema\\\/logo\\\/image\\\/\",\"url\":\"https:\\\/\\\/www.leirivolt.pt\\\/wp-content\\\/uploads\\\/2022\\\/09\\\/logo_leirivolt.svg\",\"contentUrl\":\"https:\\\/\\\/www.leirivolt.pt\\\/wp-content\\\/uploads\\\/2022\\\/09\\\/logo_leirivolt.svg\",\"width\":\"1024\",\"height\":\"1024\",\"caption\":\"Leirivolt, Lda\"},\"image\":{\"@id\":\"https:\\\/\\\/leirivolt.pt\\\/#\\\/schema\\\/logo\\\/image\\\/\"},\"sameAs\":[\"https:\\\/\\\/www.facebook.com\\\/leirivolt\\\/\",\"https:\\\/\\\/www.instagram.com\\\/leirivolt\\\/\",\"https:\\\/\\\/www.linkedin.com\\\/company\\\/leirivolt-lda\\\/\",\"https:\\\/\\\/www.youtube.com\\\/channel\\\/UCa3j2lrLVVRdtDgCdJRt6Sw?app=desktop\"]}]}<\/script>\n<!-- \/ Yoast SEO plugin. -->","yoast_head_json":{"title":"Politique de confidentialit\u00e9 avec plus d'informations | Leirivolt","description":"Consultez notre politique de confidentialit\u00e9 et m\u00e9thode de filtrage de vos informations personnelles. Contactez-nous si vous avez des questions.","robots":{"index":"index","follow":"follow","max-snippet":"max-snippet:-1","max-image-preview":"max-image-preview:large","max-video-preview":"max-video-preview:-1"},"canonical":"https:\/\/mail.leirivolt.pt\/fr\/politique-de-confidentialite\/","og_locale":"fr_FR","og_type":"article","og_title":"Politique de confidentialit\u00e9 avec plus d'informations | Leirivolt","og_description":"Consultez notre politique de confidentialit\u00e9 et m\u00e9thode de filtrage de vos informations personnelles. Contactez-nous si vous avez des questions.","og_url":"https:\/\/mail.leirivolt.pt\/fr\/politique-de-confidentialite\/","og_site_name":"Leirivolt, Lda","article_publisher":"https:\/\/www.facebook.com\/leirivolt\/","article_modified_time":"2023-02-15T10:29:45+00:00","og_image":[{"width":200,"height":200,"url":"https:\/\/mail.leirivolt.pt\/wp-content\/uploads\/2022\/11\/logo_leirivolt.jpg","type":"image\/jpeg"}],"twitter_card":"summary_large_image","twitter_misc":{"Dur\u00e9e de lecture estim\u00e9e":"8 minutes"},"schema":{"@context":"https:\/\/schema.org","@graph":[{"@type":"WebPage","@id":"https:\/\/mail.leirivolt.pt\/fr\/politique-de-confidentialite\/","url":"https:\/\/mail.leirivolt.pt\/fr\/politique-de-confidentialite\/","name":"Politique de confidentialit\u00e9 avec plus d'informations | Leirivolt","isPartOf":{"@id":"https:\/\/leirivolt.pt\/#website"},"datePublished":"2022-09-26T09:16:59+00:00","dateModified":"2023-02-15T10:29:45+00:00","description":"Consultez notre politique de confidentialit\u00e9 et m\u00e9thode de filtrage de vos informations personnelles. Contactez-nous si vous avez des questions.","breadcrumb":{"@id":"https:\/\/mail.leirivolt.pt\/fr\/politique-de-confidentialite\/#breadcrumb"},"inLanguage":"fr-FR","potentialAction":[{"@type":"ReadAction","target":["https:\/\/mail.leirivolt.pt\/fr\/politique-de-confidentialite\/"]}]},{"@type":"BreadcrumbList","@id":"https:\/\/mail.leirivolt.pt\/fr\/politique-de-confidentialite\/#breadcrumb","itemListElement":[{"@type":"ListItem","position":1,"name":"In\u00edcio","item":"https:\/\/leirivolt.pt\/fr\/"},{"@type":"ListItem","position":2,"name":"Politique de confidentialit\u00e9"}]},{"@type":"WebSite","@id":"https:\/\/leirivolt.pt\/#website","url":"https:\/\/leirivolt.pt\/","name":"Leirivolt, Lda","description":"Solu\u00e7\u00f5es de Energia desde 2004","publisher":{"@id":"https:\/\/leirivolt.pt\/#organization"},"potentialAction":[{"@type":"SearchAction","target":{"@type":"EntryPoint","urlTemplate":"https:\/\/leirivolt.pt\/?s={search_term_string}"},"query-input":{"@type":"PropertyValueSpecification","valueRequired":true,"valueName":"search_term_string"}}],"inLanguage":"fr-FR"},{"@type":"Organization","@id":"https:\/\/leirivolt.pt\/#organization","name":"Leirivolt, Lda","url":"https:\/\/leirivolt.pt\/","logo":{"@type":"ImageObject","inLanguage":"fr-FR","@id":"https:\/\/leirivolt.pt\/#\/schema\/logo\/image\/","url":"https:\/\/www.leirivolt.pt\/wp-content\/uploads\/2022\/09\/logo_leirivolt.svg","contentUrl":"https:\/\/www.leirivolt.pt\/wp-content\/uploads\/2022\/09\/logo_leirivolt.svg","width":"1024","height":"1024","caption":"Leirivolt, Lda"},"image":{"@id":"https:\/\/leirivolt.pt\/#\/schema\/logo\/image\/"},"sameAs":["https:\/\/www.facebook.com\/leirivolt\/","https:\/\/www.instagram.com\/leirivolt\/","https:\/\/www.linkedin.com\/company\/leirivolt-lda\/","https:\/\/www.youtube.com\/channel\/UCa3j2lrLVVRdtDgCdJRt6Sw?app=desktop"]}]}},"_links":{"self":[{"href":"https:\/\/mail.leirivolt.pt\/fr\/wp-json\/wp\/v2\/pages\/3187","targetHints":{"allow":["GET"]}}],"collection":[{"href":"https:\/\/mail.leirivolt.pt\/fr\/wp-json\/wp\/v2\/pages"}],"about":[{"href":"https:\/\/mail.leirivolt.pt\/fr\/wp-json\/wp\/v2\/types\/page"}],"author":[{"embeddable":true,"href":"https:\/\/mail.leirivolt.pt\/fr\/wp-json\/wp\/v2\/users\/1"}],"replies":[{"embeddable":true,"href":"https:\/\/mail.leirivolt.pt\/fr\/wp-json\/wp\/v2\/comments?post=3187"}],"version-history":[{"count":23,"href":"https:\/\/mail.leirivolt.pt\/fr\/wp-json\/wp\/v2\/pages\/3187\/revisions"}],"predecessor-version":[{"id":3395,"href":"https:\/\/mail.leirivolt.pt\/fr\/wp-json\/wp\/v2\/pages\/3187\/revisions\/3395"}],"wp:attachment":[{"href":"https:\/\/mail.leirivolt.pt\/fr\/wp-json\/wp\/v2\/media?parent=3187"}],"curies":[{"name":"wp","href":"https:\/\/api.w.org\/{rel}","templated":true}]}}