{"id":3183,"date":"2022-11-08T15:49:13","date_gmt":"2022-11-08T15:49:13","guid":{"rendered":"https:\/\/www.leirivolt.pt\/mentions-legales\/"},"modified":"2023-02-08T12:10:10","modified_gmt":"2023-02-08T12:10:10","slug":"mentions-legales","status":"publish","type":"page","link":"https:\/\/mail.leirivolt.pt\/fr\/mentions-legales\/","title":{"rendered":"Mentions l\u00e9gales"},"content":{"rendered":"<h3>Donn\u00e9es de l&rsquo;Entreprise<\/h3>\n<p><strong>Leirivolt, Lda<\/strong><br \/>\n<strong>Identification fiscale N.\u00b0(NIPC):<\/strong> 506817644<br \/>\n<strong>LeiriVolt, Lda.<\/strong> immatricul\u00e9e au CRC de Lisbonne sous le num\u00e9ro <strong>506817644<\/strong>, avec un capital social de \u20ac 50.000<\/p>\n<h4>Adresse <strong>Fiscale<\/strong><\/h4>\n<p>Rue Vale da Arieira,<br \/>\nLote 4 &#8211; Barosa<br \/>\n2400-491 Leiria, Portugal<\/p>\n<h4>Horaires<\/h4>\n<p>Du lundi au vendredi : de 9h \u00e0 13h et de 14h \u00e0 18h<\/p>\n<h4>Contacts<\/h4>\n<p><strong>T\u00e9l :<\/strong> +351 244 838 703<br \/>\n<strong>Fax : <\/strong>+351 244 838 705<br \/>\n<strong>Email :<\/strong> <a href=\"mailto:geral@leirivolt.pt\">geral@leirivolt.pt<\/a><\/p>\n<h3>R\u00e9solution Alternative de Conflits de Consommation<\/h3>\n<p>En cas de litige, le consommateur peut s&rsquo;adresser \u00e0 un Organisme de R\u00e9solution Alternative de Conflits de Consommation :<\/p>\n<p>Service sur tout le territoire national, dans les zones non couvertes par un autre centre d&rsquo;arbitrage de comp\u00e9tence r\u00e9gionale<br \/>\nRue D. Afonso Henriques, 1<br \/>\n4700-030 Braga<br \/>\nT\u00e9l : 253 619 107<br \/>\nE-mail : <a href=\"mailto:geral@cniacc.pt\">geral@cniacc.pt<\/a><br \/>\nWeb : <a href=\"https:\/\/www.cniacc.pt\/\" target=\"_blank\" rel=\"noopener noreferrer\">www.cniacc.pt<\/a><\/p>\n<p>Plus d&rsquo;informations sur le Portail du Consommateur <a href=\"https:\/\/www.consumidor.gov.pt\/\" target=\"_blank\" rel=\"noopener noreferrer\">www.consumidor.gov.pt<\/a><\/p>\n","protected":false},"excerpt":{"rendered":"<p>Donn\u00e9es de l&rsquo;Entreprise Leirivolt, Lda Identification fiscale N.\u00b0(NIPC): 506817644 LeiriVolt, Lda. immatricul\u00e9e au CRC de Lisbonne sous le num\u00e9ro 506817644, avec un capital social de \u20ac 50.000 Adresse Fiscale Rue Vale da Arieira, Lote 4 &#8211; Barosa 2400-491 Leiria, Portugal Horaires Du lundi au vendredi : de 9h \u00e0 13h et de 14h \u00e0 18h [&hellip;]<\/p>\n","protected":false},"author":1,"featured_media":0,"parent":0,"menu_order":0,"comment_status":"closed","ping_status":"closed","template":"page-text_only.php","meta":{"_acf_changed":false,"inline_featured_image":false,"footnotes":""},"class_list":["post-3183","page","type-page","status-publish","hentry"],"acf":[],"yoast_head":"<!-- This site is optimized with the Yoast SEO plugin v27.4 - https:\/\/yoast.com\/product\/yoast-seo-wordpress\/ -->\n<title>Mentions L\u00e9gales | Installations \u00c9lectriques | Leirivolt<\/title>\n<meta name=\"description\" content=\"Mentions l\u00e9gales Leirivolt pour consultation. Consultez ici toutes nos informations, pour tout \u00e9claircissement, n&#039;h\u00e9sitez pas \u00e0 nous contacter.\" \/>\n<meta name=\"robots\" content=\"index, follow, max-snippet:-1, max-image-preview:large, max-video-preview:-1\" \/>\n<link rel=\"canonical\" href=\"https:\/\/mail.leirivolt.pt\/fr\/mentions-legales\/\" \/>\n<meta property=\"og:locale\" content=\"fr_FR\" \/>\n<meta property=\"og:type\" content=\"article\" \/>\n<meta property=\"og:title\" content=\"Mentions L\u00e9gales | Installations \u00c9lectriques | Leirivolt\" \/>\n<meta property=\"og:description\" content=\"Mentions l\u00e9gales Leirivolt pour consultation. Consultez ici toutes nos informations, pour tout \u00e9claircissement, n&#039;h\u00e9sitez pas \u00e0 nous contacter.\" \/>\n<meta property=\"og:url\" content=\"https:\/\/mail.leirivolt.pt\/fr\/mentions-legales\/\" \/>\n<meta property=\"og:site_name\" content=\"Leirivolt, Lda\" \/>\n<meta property=\"article:publisher\" content=\"https:\/\/www.facebook.com\/leirivolt\/\" \/>\n<meta property=\"article:modified_time\" content=\"2023-02-08T12:10:10+00:00\" \/>\n<meta property=\"og:image\" content=\"https:\/\/mail.leirivolt.pt\/wp-content\/uploads\/2022\/11\/logo_leirivolt.jpg\" \/>\n\t<meta property=\"og:image:width\" content=\"200\" \/>\n\t<meta property=\"og:image:height\" content=\"200\" \/>\n\t<meta property=\"og:image:type\" content=\"image\/jpeg\" \/>\n<meta name=\"twitter:card\" content=\"summary_large_image\" \/>\n<meta name=\"twitter:label1\" content=\"Dur\u00e9e de lecture estim\u00e9e\" \/>\n\t<meta name=\"twitter:data1\" content=\"1 minute\" \/>\n<script type=\"application\/ld+json\" class=\"yoast-schema-graph\">{\"@context\":\"https:\\\/\\\/schema.org\",\"@graph\":[{\"@type\":\"WebPage\",\"@id\":\"https:\\\/\\\/mail.leirivolt.pt\\\/fr\\\/mentions-legales\\\/\",\"url\":\"https:\\\/\\\/mail.leirivolt.pt\\\/fr\\\/mentions-legales\\\/\",\"name\":\"Mentions L\u00e9gales | Installations \u00c9lectriques | Leirivolt\",\"isPartOf\":{\"@id\":\"https:\\\/\\\/mail.leirivolt.pt\\\/fr\\\/#website\"},\"datePublished\":\"2022-11-08T15:49:13+00:00\",\"dateModified\":\"2023-02-08T12:10:10+00:00\",\"description\":\"Mentions l\u00e9gales Leirivolt pour consultation. Consultez ici toutes nos informations, pour tout \u00e9claircissement, n'h\u00e9sitez pas \u00e0 nous contacter.\",\"breadcrumb\":{\"@id\":\"https:\\\/\\\/mail.leirivolt.pt\\\/fr\\\/mentions-legales\\\/#breadcrumb\"},\"inLanguage\":\"fr-FR\",\"potentialAction\":[{\"@type\":\"ReadAction\",\"target\":[\"https:\\\/\\\/mail.leirivolt.pt\\\/fr\\\/mentions-legales\\\/\"]}]},{\"@type\":\"BreadcrumbList\",\"@id\":\"https:\\\/\\\/mail.leirivolt.pt\\\/fr\\\/mentions-legales\\\/#breadcrumb\",\"itemListElement\":[{\"@type\":\"ListItem\",\"position\":1,\"name\":\"In\u00edcio\",\"item\":\"https:\\\/\\\/mail.leirivolt.pt\\\/fr\\\/\"},{\"@type\":\"ListItem\",\"position\":2,\"name\":\"Mentions l\u00e9gales\"}]},{\"@type\":\"WebSite\",\"@id\":\"https:\\\/\\\/mail.leirivolt.pt\\\/fr\\\/#website\",\"url\":\"https:\\\/\\\/mail.leirivolt.pt\\\/fr\\\/\",\"name\":\"Leirivolt, Lda\",\"description\":\"Solu\u00e7\u00f5es de Energia desde 2004\",\"publisher\":{\"@id\":\"https:\\\/\\\/mail.leirivolt.pt\\\/fr\\\/#organization\"},\"potentialAction\":[{\"@type\":\"SearchAction\",\"target\":{\"@type\":\"EntryPoint\",\"urlTemplate\":\"https:\\\/\\\/mail.leirivolt.pt\\\/fr\\\/?s={search_term_string}\"},\"query-input\":{\"@type\":\"PropertyValueSpecification\",\"valueRequired\":true,\"valueName\":\"search_term_string\"}}],\"inLanguage\":\"fr-FR\"},{\"@type\":\"Organization\",\"@id\":\"https:\\\/\\\/mail.leirivolt.pt\\\/fr\\\/#organization\",\"name\":\"Leirivolt, Lda\",\"url\":\"https:\\\/\\\/mail.leirivolt.pt\\\/fr\\\/\",\"logo\":{\"@type\":\"ImageObject\",\"inLanguage\":\"fr-FR\",\"@id\":\"https:\\\/\\\/mail.leirivolt.pt\\\/fr\\\/#\\\/schema\\\/logo\\\/image\\\/\",\"url\":\"https:\\\/\\\/www.leirivolt.pt\\\/wp-content\\\/uploads\\\/2022\\\/09\\\/logo_leirivolt.svg\",\"contentUrl\":\"https:\\\/\\\/www.leirivolt.pt\\\/wp-content\\\/uploads\\\/2022\\\/09\\\/logo_leirivolt.svg\",\"width\":\"1024\",\"height\":\"1024\",\"caption\":\"Leirivolt, Lda\"},\"image\":{\"@id\":\"https:\\\/\\\/mail.leirivolt.pt\\\/fr\\\/#\\\/schema\\\/logo\\\/image\\\/\"},\"sameAs\":[\"https:\\\/\\\/www.facebook.com\\\/leirivolt\\\/\",\"https:\\\/\\\/www.instagram.com\\\/leirivolt\\\/\",\"https:\\\/\\\/www.linkedin.com\\\/company\\\/leirivolt-lda\\\/\",\"https:\\\/\\\/www.youtube.com\\\/channel\\\/UCa3j2lrLVVRdtDgCdJRt6Sw?app=desktop\"]}]}<\/script>\n<!-- \/ Yoast SEO plugin. -->","yoast_head_json":{"title":"Mentions L\u00e9gales | Installations \u00c9lectriques | Leirivolt","description":"Mentions l\u00e9gales Leirivolt pour consultation. Consultez ici toutes nos informations, pour tout \u00e9claircissement, n'h\u00e9sitez pas \u00e0 nous contacter.","robots":{"index":"index","follow":"follow","max-snippet":"max-snippet:-1","max-image-preview":"max-image-preview:large","max-video-preview":"max-video-preview:-1"},"canonical":"https:\/\/mail.leirivolt.pt\/fr\/mentions-legales\/","og_locale":"fr_FR","og_type":"article","og_title":"Mentions L\u00e9gales | Installations \u00c9lectriques | Leirivolt","og_description":"Mentions l\u00e9gales Leirivolt pour consultation. Consultez ici toutes nos informations, pour tout \u00e9claircissement, n'h\u00e9sitez pas \u00e0 nous contacter.","og_url":"https:\/\/mail.leirivolt.pt\/fr\/mentions-legales\/","og_site_name":"Leirivolt, Lda","article_publisher":"https:\/\/www.facebook.com\/leirivolt\/","article_modified_time":"2023-02-08T12:10:10+00:00","og_image":[{"width":200,"height":200,"url":"https:\/\/mail.leirivolt.pt\/wp-content\/uploads\/2022\/11\/logo_leirivolt.jpg","type":"image\/jpeg"}],"twitter_card":"summary_large_image","twitter_misc":{"Dur\u00e9e de lecture estim\u00e9e":"1 minute"},"schema":{"@context":"https:\/\/schema.org","@graph":[{"@type":"WebPage","@id":"https:\/\/mail.leirivolt.pt\/fr\/mentions-legales\/","url":"https:\/\/mail.leirivolt.pt\/fr\/mentions-legales\/","name":"Mentions L\u00e9gales | Installations \u00c9lectriques | Leirivolt","isPartOf":{"@id":"https:\/\/mail.leirivolt.pt\/fr\/#website"},"datePublished":"2022-11-08T15:49:13+00:00","dateModified":"2023-02-08T12:10:10+00:00","description":"Mentions l\u00e9gales Leirivolt pour consultation. Consultez ici toutes nos informations, pour tout \u00e9claircissement, n'h\u00e9sitez pas \u00e0 nous contacter.","breadcrumb":{"@id":"https:\/\/mail.leirivolt.pt\/fr\/mentions-legales\/#breadcrumb"},"inLanguage":"fr-FR","potentialAction":[{"@type":"ReadAction","target":["https:\/\/mail.leirivolt.pt\/fr\/mentions-legales\/"]}]},{"@type":"BreadcrumbList","@id":"https:\/\/mail.leirivolt.pt\/fr\/mentions-legales\/#breadcrumb","itemListElement":[{"@type":"ListItem","position":1,"name":"In\u00edcio","item":"https:\/\/mail.leirivolt.pt\/fr\/"},{"@type":"ListItem","position":2,"name":"Mentions l\u00e9gales"}]},{"@type":"WebSite","@id":"https:\/\/mail.leirivolt.pt\/fr\/#website","url":"https:\/\/mail.leirivolt.pt\/fr\/","name":"Leirivolt, Lda","description":"Solu\u00e7\u00f5es de Energia desde 2004","publisher":{"@id":"https:\/\/mail.leirivolt.pt\/fr\/#organization"},"potentialAction":[{"@type":"SearchAction","target":{"@type":"EntryPoint","urlTemplate":"https:\/\/mail.leirivolt.pt\/fr\/?s={search_term_string}"},"query-input":{"@type":"PropertyValueSpecification","valueRequired":true,"valueName":"search_term_string"}}],"inLanguage":"fr-FR"},{"@type":"Organization","@id":"https:\/\/mail.leirivolt.pt\/fr\/#organization","name":"Leirivolt, Lda","url":"https:\/\/mail.leirivolt.pt\/fr\/","logo":{"@type":"ImageObject","inLanguage":"fr-FR","@id":"https:\/\/mail.leirivolt.pt\/fr\/#\/schema\/logo\/image\/","url":"https:\/\/www.leirivolt.pt\/wp-content\/uploads\/2022\/09\/logo_leirivolt.svg","contentUrl":"https:\/\/www.leirivolt.pt\/wp-content\/uploads\/2022\/09\/logo_leirivolt.svg","width":"1024","height":"1024","caption":"Leirivolt, Lda"},"image":{"@id":"https:\/\/mail.leirivolt.pt\/fr\/#\/schema\/logo\/image\/"},"sameAs":["https:\/\/www.facebook.com\/leirivolt\/","https:\/\/www.instagram.com\/leirivolt\/","https:\/\/www.linkedin.com\/company\/leirivolt-lda\/","https:\/\/www.youtube.com\/channel\/UCa3j2lrLVVRdtDgCdJRt6Sw?app=desktop"]}]}},"_links":{"self":[{"href":"https:\/\/mail.leirivolt.pt\/fr\/wp-json\/wp\/v2\/pages\/3183","targetHints":{"allow":["GET"]}}],"collection":[{"href":"https:\/\/mail.leirivolt.pt\/fr\/wp-json\/wp\/v2\/pages"}],"about":[{"href":"https:\/\/mail.leirivolt.pt\/fr\/wp-json\/wp\/v2\/types\/page"}],"author":[{"embeddable":true,"href":"https:\/\/mail.leirivolt.pt\/fr\/wp-json\/wp\/v2\/users\/1"}],"replies":[{"embeddable":true,"href":"https:\/\/mail.leirivolt.pt\/fr\/wp-json\/wp\/v2\/comments?post=3183"}],"version-history":[{"count":1,"href":"https:\/\/mail.leirivolt.pt\/fr\/wp-json\/wp\/v2\/pages\/3183\/revisions"}],"predecessor-version":[{"id":3184,"href":"https:\/\/mail.leirivolt.pt\/fr\/wp-json\/wp\/v2\/pages\/3183\/revisions\/3184"}],"wp:attachment":[{"href":"https:\/\/mail.leirivolt.pt\/fr\/wp-json\/wp\/v2\/media?parent=3183"}],"curies":[{"name":"wp","href":"https:\/\/api.w.org\/{rel}","templated":true}]}}