{"id":3178,"date":"2022-09-29T09:30:26","date_gmt":"2022-09-29T09:30:26","guid":{"rendered":"https:\/\/www.leirivolt.pt\/a-propos-de-nous\/"},"modified":"2025-04-03T15:36:54","modified_gmt":"2025-04-03T15:36:54","slug":"a-propos-de-nous","status":"publish","type":"page","link":"https:\/\/mail.leirivolt.pt\/fr\/a-propos-de-nous\/","title":{"rendered":"\u00c0 propos de nous"},"content":{"rendered":"<section id=\"intro-section\">\n<div class=\"row\">\n<div class=\"col-lg-6 text-box\">\n<h2>Entreprise<\/h2>\n<p>Leirivolt, Lda a \u00e9t\u00e9 fond\u00e9 le 5 janvier 2004. Actuellement, nous sommes une entreprise solide sur le march\u00e9, compos\u00e9 d&rsquo;une \u00e9quipe exp\u00e9riment\u00e9e et dynamique, avec un savoir-faire dans le domaine des Tableaux \u00c9lectriques, Automatisation Industrielle, Postes de Transformation, Mobilit\u00e9 \u00c9lectrique, \u00c9nergies Renouvelables, Photovolta\u00efque et Batteries de Lithium.<\/p>\n<p>Tout ce savoir-faire nous permet d&rsquo;offrir un excellent service \u00e0 nos clients dans la conception de la meilleure solution pour tous types de situations.<\/p>\n<p><a href=\"https:\/\/www.leirivolt.pt\/wp-content\/uploads\/2022\/12\/alvara-2014.pdf\"><strong>ALVAR\u00c1<\/strong><\/a><br \/>\nANPC : 1110<\/p>\n<\/div>\n<div class=\"col-lg-6\">\n<div class=\"full-width\"><img decoding=\"async\" src=\"https:\/\/www.leirivolt.pt\/wp-content\/uploads\/2023\/10\/FIMI0054_-scaled.jpg\" alt=\"\"><\/div>\n<\/div>\n<\/div>\n<\/section>\n<section id=\"servicos-block\">\n<p class=\"title\">depuis <strong>2004<\/strong><\/p>\n<ol>\n<li>Tableaux \u00c9lectriques<\/li>\n<li>Automatisation Industrielle<\/li>\n<li>Postes de Transformation<\/li>\n<li>Mobilit\u00e9 \u00c9lectrique<\/li>\n<li>\u00c9nergies Renouvelables<\/li>\n<li>Photovolta\u00efque<\/li>\n<li>Batteries de Lithium<\/li>\n<\/ol>\n<div class=\"cta-block\"><a class=\"cta-link\" href=\"https:\/\/www.leirivolt.pt\/contactos\/\">Contactez-nous<\/a><\/div>\n<\/section>\n<section id=\"missao-section\">\n<div class=\"row\">\n<div class=\"col-lg-6 text-box\">\n<h2>Mission<\/h2>\n<p>\u00catre une r\u00e9f\u00e9rence en mati\u00e8re de qualit\u00e9 des services fournis. Diriger notre interaction avec le client afin de cr\u00e9er une relation et une collaboration plus \u00e9troite. Construire un relationnel avec une prestation de service haut de gamme, afin d&rsquo;apporter la meilleure r\u00e9ponse possible. Travailler quotidiennement pour obtenir une croissance r\u00e9guli\u00e8re, externe et interne, fournissant tout ce qui est n\u00e9cessaire pour que les objectifs soient atteints.<\/p>\n<\/div>\n<div class=\"col-lg-6\">\n<div class=\"full-width\"><img decoding=\"async\" src=\"https:\/\/www.leirivolt.pt\/wp-content\/uploads\/2023\/10\/FIMI0025_-scaled.jpg\" alt=\"\"><\/div>\n<\/div>\n<\/div>\n<\/section>\n<section id=\"referencia-block\">\n<div class=\"row align-center justify-content-center align-items-center\">\n<div class=\"col-auto\"><img loading=\"lazy\" decoding=\"async\" class=\"alignnone wp-image-3158 size-full\" title=\"PME Leader 2016\" src=\"http:\/\/www.leirivolt.pt\/wp-content\/uploads\/2023\/02\/pmelider2016.jpg\" alt=\"\" width=\"234\" height=\"273\"><\/div>\n<div class=\"col-auto\"><img loading=\"lazy\" decoding=\"async\" class=\"alignnone wp-image-3161 size-full\" title=\"PME Leader 2019\" src=\"http:\/\/www.leirivolt.pt\/wp-content\/uploads\/2023\/02\/PME_Lider2019_.jpg\" alt=\"\" width=\"234\" height=\"273\"><\/div>\n<div class=\"col-auto\"><img loading=\"lazy\" decoding=\"async\" class=\"alignnone wp-image-3164 size-full\" title=\"PME Leader 2021\" src=\"http:\/\/www.leirivolt.pt\/wp-content\/uploads\/2023\/02\/PME21_logo_.jpg\" alt=\"\" width=\"234\" height=\"273\"><\/div>\n<div class=\"col-auto\"><img loading=\"lazy\" decoding=\"async\" class=\"alignnone wp-image-998 size-full\" title=\"PME Excellence 2021\" src=\"http:\/\/www.leirivolt.pt\/wp-content\/uploads\/2023\/01\/PME-EXCELENCIA-2021_-1.jpg\" alt=\"\" width=\"375\" height=\"440\"><\/div>\n<div class=\"col-auto\"><img loading=\"lazy\" decoding=\"async\" class=\"alignnone wp-image-3154 size-full\" title=\"PME Leader 2022\" src=\"http:\/\/www.leirivolt.pt\/wp-content\/uploads\/2023\/02\/pmelider2022.jpg\" alt=\"\" width=\"234\" height=\"273\"><\/div>\n<div class=\"col-auto\"><img loading=\"lazy\" decoding=\"async\" class=\"alignnone wp-image-998 size-full\" title=\"Excellence PME 2022\" src=\"https:\/\/www.leirivolt.pt\/wp-content\/uploads\/2025\/04\/PME-EXCELENCIA-2022_-256x300.jpg\" alt=\"\" width=\"375\" height=\"440\"><\/div>\n<div class=\"col-auto\"><img loading=\"lazy\" decoding=\"async\" class=\"alignnone wp-image-3154 size-full\" title=\"Leader PME 2023\" src=\"https:\/\/www.leirivolt.pt\/wp-content\/uploads\/2025\/04\/pmelider2023.jpg\" alt=\"\" width=\"234\" height=\"273\"><\/div>\n<div class=\"col-auto\"><img loading=\"lazy\" decoding=\"async\" class=\"alignnone wp-image-3154 size-full\" title=\"Leader PME 2024\" src=\"https:\/\/www.leirivolt.pt\/wp-content\/uploads\/2025\/04\/Logo-PMELid24-254x300.png\" alt=\"\" width=\"234\" height=\"273\"><\/div>\n<div class=\"col-auto\"><img loading=\"lazy\" decoding=\"async\" class=\"alignnone wp-image-3154 size-full\" title=\"Top5 des buteurs\" src=\"https:\/\/www.leirivolt.pt\/wp-content\/uploads\/2025\/04\/Selo_top5-297x300.jpg\" alt=\"\" width=\"302\" height=\"305\"><\/div>\n<\/div>\n<p>Leirivolt, Lda a \u00e9t\u00e9 honor\u00e9 par l&rsquo;IAPMEI, pour la qualit\u00e9 de ses performances et de son profil de risque, en tant que PME L\u00edder 2024, PME Excel\u00eancia 2022 et avec TOP 5% Scoring 2024. L&rsquo;entreprise tient \u00e0 remercier ses employ\u00e9s, ses clients, ses fournisseurs et ses partenaires qui ont contribu\u00e9 \u00e0 ces distinctions. <\/p>\n<\/section>\n","protected":false},"excerpt":{"rendered":"<p>Entreprise Leirivolt, Lda a \u00e9t\u00e9 fond\u00e9 le 5 janvier 2004. Actuellement, nous sommes une entreprise solide sur le march\u00e9, compos\u00e9 d&rsquo;une \u00e9quipe exp\u00e9riment\u00e9e et dynamique, avec un savoir-faire dans le domaine des Tableaux \u00c9lectriques, Automatisation Industrielle, Postes de Transformation, Mobilit\u00e9 \u00c9lectrique, \u00c9nergies Renouvelables, Photovolta\u00efque et Batteries de Lithium. Tout ce savoir-faire nous permet d&rsquo;offrir un [&hellip;]<\/p>\n","protected":false},"author":1,"featured_media":3505,"parent":0,"menu_order":0,"comment_status":"closed","ping_status":"closed","template":"","meta":{"_acf_changed":false,"inline_featured_image":false,"footnotes":""},"class_list":["post-3178","page","type-page","status-publish","has-post-thumbnail","hentry"],"acf":[],"yoast_head":"<!-- This site is optimized with the Yoast SEO plugin v27.4 - https:\/\/yoast.com\/product\/yoast-seo-wordpress\/ -->\n<title>Leirivolt | Secteur \u00c9lectrique, Solutions Efficaces depuis 2004<\/title>\n<meta name=\"description\" content=\"Tableaux \u00c9lectriques, Automatisation Industrielle, \u00c9clairage, S\u00e9curit\u00e9, Photovolta\u00efque, Batteries et Mobilit\u00e9 \u00c9lectrique. Solutions sur mesure.\" \/>\n<meta name=\"robots\" content=\"index, follow, max-snippet:-1, max-image-preview:large, max-video-preview:-1\" \/>\n<link rel=\"canonical\" href=\"https:\/\/mail.leirivolt.pt\/fr\/a-propos-de-nous\/\" \/>\n<meta property=\"og:locale\" content=\"fr_FR\" \/>\n<meta property=\"og:type\" content=\"article\" \/>\n<meta property=\"og:title\" content=\"Leirivolt | Secteur \u00c9lectrique, Solutions Efficaces depuis 2004\" \/>\n<meta property=\"og:description\" content=\"Tableaux \u00c9lectriques, Automatisation Industrielle, \u00c9clairage, S\u00e9curit\u00e9, Photovolta\u00efque, Batteries et Mobilit\u00e9 \u00c9lectrique. Solutions sur mesure.\" \/>\n<meta property=\"og:url\" content=\"https:\/\/mail.leirivolt.pt\/fr\/a-propos-de-nous\/\" \/>\n<meta property=\"og:site_name\" content=\"Leirivolt, Lda\" \/>\n<meta property=\"article:publisher\" content=\"https:\/\/www.facebook.com\/leirivolt\/\" \/>\n<meta property=\"article:modified_time\" content=\"2025-04-03T15:36:54+00:00\" \/>\n<meta property=\"og:image\" content=\"https:\/\/mail.leirivolt.pt\/wp-content\/uploads\/2023\/10\/FIMI0045_-scaled.jpg\" \/>\n\t<meta property=\"og:image:width\" content=\"2560\" \/>\n\t<meta property=\"og:image:height\" content=\"1397\" \/>\n\t<meta property=\"og:image:type\" content=\"image\/jpeg\" \/>\n<meta name=\"twitter:card\" content=\"summary_large_image\" \/>\n<meta name=\"twitter:label1\" content=\"Dur\u00e9e de lecture estim\u00e9e\" \/>\n\t<meta name=\"twitter:data1\" content=\"3 minutes\" \/>\n<script type=\"application\/ld+json\" class=\"yoast-schema-graph\">{\"@context\":\"https:\\\/\\\/schema.org\",\"@graph\":[{\"@type\":\"WebPage\",\"@id\":\"https:\\\/\\\/mail.leirivolt.pt\\\/fr\\\/a-propos-de-nous\\\/\",\"url\":\"https:\\\/\\\/mail.leirivolt.pt\\\/fr\\\/a-propos-de-nous\\\/\",\"name\":\"Leirivolt | Secteur \u00c9lectrique, Solutions Efficaces depuis 2004\",\"isPartOf\":{\"@id\":\"https:\\\/\\\/www.leirivolt.pt\\\/fr\\\/#website\"},\"primaryImageOfPage\":{\"@id\":\"https:\\\/\\\/mail.leirivolt.pt\\\/fr\\\/a-propos-de-nous\\\/#primaryimage\"},\"image\":{\"@id\":\"https:\\\/\\\/mail.leirivolt.pt\\\/fr\\\/a-propos-de-nous\\\/#primaryimage\"},\"thumbnailUrl\":\"https:\\\/\\\/mail.leirivolt.pt\\\/wp-content\\\/uploads\\\/2023\\\/10\\\/FIMI0045_-scaled.jpg\",\"datePublished\":\"2022-09-29T09:30:26+00:00\",\"dateModified\":\"2025-04-03T15:36:54+00:00\",\"description\":\"Tableaux \u00c9lectriques, Automatisation Industrielle, \u00c9clairage, S\u00e9curit\u00e9, Photovolta\u00efque, Batteries et Mobilit\u00e9 \u00c9lectrique. Solutions sur mesure.\",\"breadcrumb\":{\"@id\":\"https:\\\/\\\/mail.leirivolt.pt\\\/fr\\\/a-propos-de-nous\\\/#breadcrumb\"},\"inLanguage\":\"fr-FR\",\"potentialAction\":[{\"@type\":\"ReadAction\",\"target\":[\"https:\\\/\\\/mail.leirivolt.pt\\\/fr\\\/a-propos-de-nous\\\/\"]}]},{\"@type\":\"ImageObject\",\"inLanguage\":\"fr-FR\",\"@id\":\"https:\\\/\\\/mail.leirivolt.pt\\\/fr\\\/a-propos-de-nous\\\/#primaryimage\",\"url\":\"https:\\\/\\\/mail.leirivolt.pt\\\/wp-content\\\/uploads\\\/2023\\\/10\\\/FIMI0045_-scaled.jpg\",\"contentUrl\":\"https:\\\/\\\/mail.leirivolt.pt\\\/wp-content\\\/uploads\\\/2023\\\/10\\\/FIMI0045_-scaled.jpg\",\"width\":2560,\"height\":1397},{\"@type\":\"BreadcrumbList\",\"@id\":\"https:\\\/\\\/mail.leirivolt.pt\\\/fr\\\/a-propos-de-nous\\\/#breadcrumb\",\"itemListElement\":[{\"@type\":\"ListItem\",\"position\":1,\"name\":\"In\u00edcio\",\"item\":\"https:\\\/\\\/www.leirivolt.pt\\\/fr\\\/\"},{\"@type\":\"ListItem\",\"position\":2,\"name\":\"\u00c0 propos de nous\"}]},{\"@type\":\"WebSite\",\"@id\":\"https:\\\/\\\/www.leirivolt.pt\\\/fr\\\/#website\",\"url\":\"https:\\\/\\\/www.leirivolt.pt\\\/fr\\\/\",\"name\":\"Leirivolt, Lda\",\"description\":\"Solu\u00e7\u00f5es de Energia desde 2004\",\"publisher\":{\"@id\":\"https:\\\/\\\/www.leirivolt.pt\\\/fr\\\/#organization\"},\"potentialAction\":[{\"@type\":\"SearchAction\",\"target\":{\"@type\":\"EntryPoint\",\"urlTemplate\":\"https:\\\/\\\/www.leirivolt.pt\\\/fr\\\/?s={search_term_string}\"},\"query-input\":{\"@type\":\"PropertyValueSpecification\",\"valueRequired\":true,\"valueName\":\"search_term_string\"}}],\"inLanguage\":\"fr-FR\"},{\"@type\":\"Organization\",\"@id\":\"https:\\\/\\\/www.leirivolt.pt\\\/fr\\\/#organization\",\"name\":\"Leirivolt, Lda\",\"url\":\"https:\\\/\\\/www.leirivolt.pt\\\/fr\\\/\",\"logo\":{\"@type\":\"ImageObject\",\"inLanguage\":\"fr-FR\",\"@id\":\"https:\\\/\\\/www.leirivolt.pt\\\/fr\\\/#\\\/schema\\\/logo\\\/image\\\/\",\"url\":\"https:\\\/\\\/www.leirivolt.pt\\\/wp-content\\\/uploads\\\/2022\\\/09\\\/logo_leirivolt.svg\",\"contentUrl\":\"https:\\\/\\\/www.leirivolt.pt\\\/wp-content\\\/uploads\\\/2022\\\/09\\\/logo_leirivolt.svg\",\"width\":\"1024\",\"height\":\"1024\",\"caption\":\"Leirivolt, Lda\"},\"image\":{\"@id\":\"https:\\\/\\\/www.leirivolt.pt\\\/fr\\\/#\\\/schema\\\/logo\\\/image\\\/\"},\"sameAs\":[\"https:\\\/\\\/www.facebook.com\\\/leirivolt\\\/\",\"https:\\\/\\\/www.instagram.com\\\/leirivolt\\\/\",\"https:\\\/\\\/www.linkedin.com\\\/company\\\/leirivolt-lda\\\/\",\"https:\\\/\\\/www.youtube.com\\\/channel\\\/UCa3j2lrLVVRdtDgCdJRt6Sw?app=desktop\"]}]}<\/script>\n<!-- \/ Yoast SEO plugin. -->","yoast_head_json":{"title":"Leirivolt | Secteur \u00c9lectrique, Solutions Efficaces depuis 2004","description":"Tableaux \u00c9lectriques, Automatisation Industrielle, \u00c9clairage, S\u00e9curit\u00e9, Photovolta\u00efque, Batteries et Mobilit\u00e9 \u00c9lectrique. Solutions sur mesure.","robots":{"index":"index","follow":"follow","max-snippet":"max-snippet:-1","max-image-preview":"max-image-preview:large","max-video-preview":"max-video-preview:-1"},"canonical":"https:\/\/mail.leirivolt.pt\/fr\/a-propos-de-nous\/","og_locale":"fr_FR","og_type":"article","og_title":"Leirivolt | Secteur \u00c9lectrique, Solutions Efficaces depuis 2004","og_description":"Tableaux \u00c9lectriques, Automatisation Industrielle, \u00c9clairage, S\u00e9curit\u00e9, Photovolta\u00efque, Batteries et Mobilit\u00e9 \u00c9lectrique. Solutions sur mesure.","og_url":"https:\/\/mail.leirivolt.pt\/fr\/a-propos-de-nous\/","og_site_name":"Leirivolt, Lda","article_publisher":"https:\/\/www.facebook.com\/leirivolt\/","article_modified_time":"2025-04-03T15:36:54+00:00","og_image":[{"width":2560,"height":1397,"url":"https:\/\/mail.leirivolt.pt\/wp-content\/uploads\/2023\/10\/FIMI0045_-scaled.jpg","type":"image\/jpeg"}],"twitter_card":"summary_large_image","twitter_misc":{"Dur\u00e9e de lecture estim\u00e9e":"3 minutes"},"schema":{"@context":"https:\/\/schema.org","@graph":[{"@type":"WebPage","@id":"https:\/\/mail.leirivolt.pt\/fr\/a-propos-de-nous\/","url":"https:\/\/mail.leirivolt.pt\/fr\/a-propos-de-nous\/","name":"Leirivolt | Secteur \u00c9lectrique, Solutions Efficaces depuis 2004","isPartOf":{"@id":"https:\/\/www.leirivolt.pt\/fr\/#website"},"primaryImageOfPage":{"@id":"https:\/\/mail.leirivolt.pt\/fr\/a-propos-de-nous\/#primaryimage"},"image":{"@id":"https:\/\/mail.leirivolt.pt\/fr\/a-propos-de-nous\/#primaryimage"},"thumbnailUrl":"https:\/\/mail.leirivolt.pt\/wp-content\/uploads\/2023\/10\/FIMI0045_-scaled.jpg","datePublished":"2022-09-29T09:30:26+00:00","dateModified":"2025-04-03T15:36:54+00:00","description":"Tableaux \u00c9lectriques, Automatisation Industrielle, \u00c9clairage, S\u00e9curit\u00e9, Photovolta\u00efque, Batteries et Mobilit\u00e9 \u00c9lectrique. Solutions sur mesure.","breadcrumb":{"@id":"https:\/\/mail.leirivolt.pt\/fr\/a-propos-de-nous\/#breadcrumb"},"inLanguage":"fr-FR","potentialAction":[{"@type":"ReadAction","target":["https:\/\/mail.leirivolt.pt\/fr\/a-propos-de-nous\/"]}]},{"@type":"ImageObject","inLanguage":"fr-FR","@id":"https:\/\/mail.leirivolt.pt\/fr\/a-propos-de-nous\/#primaryimage","url":"https:\/\/mail.leirivolt.pt\/wp-content\/uploads\/2023\/10\/FIMI0045_-scaled.jpg","contentUrl":"https:\/\/mail.leirivolt.pt\/wp-content\/uploads\/2023\/10\/FIMI0045_-scaled.jpg","width":2560,"height":1397},{"@type":"BreadcrumbList","@id":"https:\/\/mail.leirivolt.pt\/fr\/a-propos-de-nous\/#breadcrumb","itemListElement":[{"@type":"ListItem","position":1,"name":"In\u00edcio","item":"https:\/\/www.leirivolt.pt\/fr\/"},{"@type":"ListItem","position":2,"name":"\u00c0 propos de nous"}]},{"@type":"WebSite","@id":"https:\/\/www.leirivolt.pt\/fr\/#website","url":"https:\/\/www.leirivolt.pt\/fr\/","name":"Leirivolt, Lda","description":"Solu\u00e7\u00f5es de Energia desde 2004","publisher":{"@id":"https:\/\/www.leirivolt.pt\/fr\/#organization"},"potentialAction":[{"@type":"SearchAction","target":{"@type":"EntryPoint","urlTemplate":"https:\/\/www.leirivolt.pt\/fr\/?s={search_term_string}"},"query-input":{"@type":"PropertyValueSpecification","valueRequired":true,"valueName":"search_term_string"}}],"inLanguage":"fr-FR"},{"@type":"Organization","@id":"https:\/\/www.leirivolt.pt\/fr\/#organization","name":"Leirivolt, Lda","url":"https:\/\/www.leirivolt.pt\/fr\/","logo":{"@type":"ImageObject","inLanguage":"fr-FR","@id":"https:\/\/www.leirivolt.pt\/fr\/#\/schema\/logo\/image\/","url":"https:\/\/www.leirivolt.pt\/wp-content\/uploads\/2022\/09\/logo_leirivolt.svg","contentUrl":"https:\/\/www.leirivolt.pt\/wp-content\/uploads\/2022\/09\/logo_leirivolt.svg","width":"1024","height":"1024","caption":"Leirivolt, Lda"},"image":{"@id":"https:\/\/www.leirivolt.pt\/fr\/#\/schema\/logo\/image\/"},"sameAs":["https:\/\/www.facebook.com\/leirivolt\/","https:\/\/www.instagram.com\/leirivolt\/","https:\/\/www.linkedin.com\/company\/leirivolt-lda\/","https:\/\/www.youtube.com\/channel\/UCa3j2lrLVVRdtDgCdJRt6Sw?app=desktop"]}]}},"_links":{"self":[{"href":"https:\/\/mail.leirivolt.pt\/fr\/wp-json\/wp\/v2\/pages\/3178","targetHints":{"allow":["GET"]}}],"collection":[{"href":"https:\/\/mail.leirivolt.pt\/fr\/wp-json\/wp\/v2\/pages"}],"about":[{"href":"https:\/\/mail.leirivolt.pt\/fr\/wp-json\/wp\/v2\/types\/page"}],"author":[{"embeddable":true,"href":"https:\/\/mail.leirivolt.pt\/fr\/wp-json\/wp\/v2\/users\/1"}],"replies":[{"embeddable":true,"href":"https:\/\/mail.leirivolt.pt\/fr\/wp-json\/wp\/v2\/comments?post=3178"}],"version-history":[{"count":4,"href":"https:\/\/mail.leirivolt.pt\/fr\/wp-json\/wp\/v2\/pages\/3178\/revisions"}],"predecessor-version":[{"id":3724,"href":"https:\/\/mail.leirivolt.pt\/fr\/wp-json\/wp\/v2\/pages\/3178\/revisions\/3724"}],"wp:featuredmedia":[{"embeddable":true,"href":"https:\/\/mail.leirivolt.pt\/fr\/wp-json\/wp\/v2\/media\/3505"}],"wp:attachment":[{"href":"https:\/\/mail.leirivolt.pt\/fr\/wp-json\/wp\/v2\/media?parent=3178"}],"curies":[{"name":"wp","href":"https:\/\/api.w.org\/{rel}","templated":true}]}}